{"id":44,"date":"2026-02-28T14:00:19","date_gmt":"2026-02-28T12:00:19","guid":{"rendered":"https:\/\/saulespirts.lv\/?page_id=44"},"modified":"2026-03-03T10:23:12","modified_gmt":"2026-03-03T08:23:12","slug":"pirts","status":"publish","type":"page","link":"https:\/\/saulespirts.lv\/en\/pirts\/","title":{"rendered":"Sauna"},"content":{"rendered":"<section class=\"section alignfull\">\n<div class=\"container\">\n<div class=\"grid-2\">\n<img loading=\"lazy\" decoding=\"async\" width=\"900\" height=\"600\" class=\"has-rounded-corners gb-media-0c6828f1\" alt=\"\" title=\"pirts-rituals_Viesturs-Luka-Indans_Saules-Pirts-4\" src=\"https:\/\/saulespirts.lv\/wp-content\/uploads\/2026\/03\/pirts-rituals_Viesturs-Luka-Indans_Saules-Pirts-4.jpg\" srcset=\"https:\/\/saulespirts.lv\/wp-content\/uploads\/2026\/03\/pirts-rituals_Viesturs-Luka-Indans_Saules-Pirts-4.jpg 900w, https:\/\/saulespirts.lv\/wp-content\/uploads\/2026\/03\/pirts-rituals_Viesturs-Luka-Indans_Saules-Pirts-4-300x200.jpg 300w, https:\/\/saulespirts.lv\/wp-content\/uploads\/2026\/03\/pirts-rituals_Viesturs-Luka-Indans_Saules-Pirts-4-768x512.jpg 768w\" sizes=\"auto, (max-width: 900px) 100vw, 900px\" \/>\n\n\n\n<div class=\"column gb-element-af4997b9\">\n<div class=\"section-header-wrap\">\n<img loading=\"lazy\" decoding=\"async\" width=\"84\" height=\"84\" class=\"section-header__icon\" alt=\"\" title=\"icon-saulespirts\" src=\"https:\/\/saulespirts.lv\/wp-content\/uploads\/2026\/02\/icon-saulespirts.png\"\/>\n\n\n\n<h1 class=\"gb-text\">Sauna<\/h1>\n<\/div>\n\n\n\n<p class=\"gb-text\">Nothing can calm you down, make you forget everyday worries, reduce stress, and rejuvenate your body like a sauna ritual.<\/p>\n\n\n\n<p>It will give you an influx of energy, vitality, well-being, joy of life, and improve health and immunity.<\/p>\n\n\n\n<p>During the sauna ritual, we are here and now, it is the only way we can be truly happy.<\/p>\n\n\n\n<p>Dedicate a few hours of relaxation, peace, and rest to your body and spirit.<\/p>\n\n\n\n<p>I wish everyone happiness!<\/p>\n<\/div>\n<\/div>\n<\/div>\n<\/section>","protected":false},"excerpt":{"rendered":"<p>Pirts Nekas nesp\u0113j tik labi nomierin\u0101t, likt aizmirst ikdienas r\u016bpes, mazin\u0101t stresu, atjaunot \u0137ermeni&nbsp;k\u0101 pirts ritu\u0101ls. Tas sniegs jums ener\u0123ijas piepl\u016bdumu, mundrumu, labsaj\u016btu, dz\u012bvesprieku, uzlabos vesel\u012bbu un imunit\u0101ti. Pirts ritu\u0101la laik\u0101 m\u0113s esam \u0161eit un tagad, tas ir vien\u012bgais veids, k\u0101 varam b\u016bt patiesi laim\u012bgi. Veltiet savam \u0137ermenim un garam da\u017eas stundas relaks\u0101cijas, miera un [&hellip;]<\/p>\n","protected":false},"author":1,"featured_media":0,"parent":0,"menu_order":0,"comment_status":"closed","ping_status":"closed","template":"","meta":{"_acf_changed":false,"footnotes":""},"class_list":["post-44","page","type-page","status-publish","hentry"],"blocksy_meta":{"has_hero_section":"disabled","styles_descriptor":{"styles":{"desktop":"","tablet":"","mobile":""},"google_fonts":[],"version":6}},"acf":[],"_links":{"self":[{"href":"https:\/\/saulespirts.lv\/en\/wp-json\/wp\/v2\/pages\/44","targetHints":{"allow":["GET"]}}],"collection":[{"href":"https:\/\/saulespirts.lv\/en\/wp-json\/wp\/v2\/pages"}],"about":[{"href":"https:\/\/saulespirts.lv\/en\/wp-json\/wp\/v2\/types\/page"}],"author":[{"embeddable":true,"href":"https:\/\/saulespirts.lv\/en\/wp-json\/wp\/v2\/users\/1"}],"replies":[{"embeddable":true,"href":"https:\/\/saulespirts.lv\/en\/wp-json\/wp\/v2\/comments?post=44"}],"version-history":[{"count":5,"href":"https:\/\/saulespirts.lv\/en\/wp-json\/wp\/v2\/pages\/44\/revisions"}],"predecessor-version":[{"id":788,"href":"https:\/\/saulespirts.lv\/en\/wp-json\/wp\/v2\/pages\/44\/revisions\/788"}],"wp:attachment":[{"href":"https:\/\/saulespirts.lv\/en\/wp-json\/wp\/v2\/media?parent=44"}],"curies":[{"name":"wp","href":"https:\/\/api.w.org\/{rel}","templated":true}]}}