{"id":56,"date":"2026-02-28T14:01:46","date_gmt":"2026-02-28T12:01:46","guid":{"rendered":"https:\/\/saulespirts.lv\/?page_id=56"},"modified":"2026-03-03T13:34:00","modified_gmt":"2026-03-03T11:34:00","slug":"cenas","status":"publish","type":"page","link":"https:\/\/saulespirts.lv\/en\/cenas\/","title":{"rendered":"Prices"},"content":{"rendered":"<section class=\"section alignfull\">\n<div class=\"container column-l\">\n<div class=\"section-header-wrap gb-element-8eecc502\">\n<img loading=\"lazy\" decoding=\"async\" width=\"84\" height=\"84\" class=\"section-header__icon\" alt=\"\" title=\"icon-saulespirts\" src=\"https:\/\/saulespirts.lv\/wp-content\/uploads\/2026\/02\/icon-saulespirts.png\"\/>\n\n\n\n<h2 class=\"gb-text\">Prices<\/h2>\n<\/div>\n\n\n\n<div class=\"grid-2 gb-element-60a244a5\">\n<div class=\"column\">\n<div class=\"price-item\">\n<p class=\"gb-text price-item__name\">Sauna ritual for one person (2.5-3h)<\/p>\n\n\n\n<p class=\"gb-text price-item__price\">180 EUR<\/p>\n<\/div>\n\n\n\n<div class=\"price-item\">\n<p class=\"gb-text price-item__name\">Sauna ritual for one person \u201cSpecial\u201d<\/p>\n\n\n\n<p class=\"gb-text price-item__price\">220 EUR<\/p>\n<\/div>\n\n\n\n<div class=\"price-item\">\n<p class=\"gb-text price-item__name\">Sauna ritual for two persons (3.5-4h)<\/p>\n\n\n\n<p class=\"gb-text price-item__price\">250 EUR<\/p>\n<\/div>\n\n\n\n<div class=\"price-item\">\n<p class=\"gb-text price-item__name\">Sauna ritual for one person \u201cSpecial\u201d<\/p>\n\n\n\n<p class=\"gb-text price-item__price\">360 EUR<\/p>\n<\/div>\n\n\n\n<div class=\"price-item\">\n<p class=\"gb-text price-item__name\">Sauna ritual for three persons (4.5-5h)<\/p>\n\n\n\n<p class=\"gb-text price-item__price\">350 EUR<\/p>\n<\/div>\n<\/div>\n\n\n\n<div class=\"column\">\n<div class=\"price-item\">\n<p class=\"gb-text price-item__name\">Sauna experiences<\/p>\n\n\n\n<p class=\"gb-text price-item__price\">250 EUR<\/p>\n<\/div>\n\n\n\n<div class=\"price-item\">\n<p class=\"gb-text price-item__name\">SPA adventure for women (2.5-3h)<\/p>\n\n\n\n<p class=\"gb-text price-item__price\">200 EUR<\/p>\n<\/div>\n\n\n\n<div class=\"price-item\">\n<p class=\"gb-text price-item__name\">Sauna adventure with friends for 4 persons (+70 EUR for each additional person) (3-4h)<\/p>\n\n\n\n<p class=\"gb-text price-item__price\">280 EUR<\/p>\n<\/div>\n\n\n\n<div class=\"price-item\">\n<p class=\"gb-text price-item__name\">Additional foot massage with the sauna ritual for one person<\/p>\n\n\n\n<p class=\"gb-text price-item__price\">15 EUR<\/p>\n<\/div>\n\n\n\n<div class=\"price-item\">\n<p class=\"gb-text price-item__name\">Consultation on sauna construction and arrangement issues<\/p>\n\n\n\n<p class=\"gb-text price-item__price\">150 EUR<\/p>\n<\/div>\n<\/div>\n<\/div>\n\n\n\n<p class=\"gb-text gb-text-cf80b407\">I wish everyone happiness! Available for purchase\u00a0<a href=\"https:\/\/saulespirts.lv\/en\/davanu-karte-2\/\" data-type=\"page\" data-id=\"778\"><strong><em>. It will be a great gift for a loved one, relative, friend, or guest to spend a special evening together.<\/em><\/strong>.<\/a>\u00a0It will be a great gift for a loved one, relative, or friend to spend a special evening together.<\/p>\n<\/div>\n<\/section>","protected":false},"excerpt":{"rendered":"<p>Cenas Pirts ritu\u0101ls vienai personai (2,5-3h) 180 EUR Pirts ritu\u0101ls vienai personai \u201c\u012apa\u0161ais\u201d 220 EUR Pirts ritu\u0101ls div\u0101m person\u0101m (3,5-4h) 250 EUR Pirts ritu\u0101ls vienai personai \u201c\u012apa\u0161ais\u201d 360 EUR Pirts ritu\u0101ls tr\u012bs person\u0101m (4,5-5h) 350 EUR Pirt\u012b\u017eas 250 EUR SPA piedz\u012bvojums sievietei (2,5-3h) 200 EUR Pirts piedz\u012bvojums draugu lok\u0101 4 person\u0101m (+70 EUR par katru [&hellip;]<\/p>\n","protected":false},"author":1,"featured_media":0,"parent":0,"menu_order":0,"comment_status":"closed","ping_status":"closed","template":"","meta":{"_acf_changed":false,"footnotes":""},"class_list":["post-56","page","type-page","status-publish","hentry"],"blocksy_meta":{"has_hero_section":"disabled","styles_descriptor":{"styles":{"desktop":"","tablet":"","mobile":""},"google_fonts":[],"version":6}},"acf":[],"_links":{"self":[{"href":"https:\/\/saulespirts.lv\/en\/wp-json\/wp\/v2\/pages\/56","targetHints":{"allow":["GET"]}}],"collection":[{"href":"https:\/\/saulespirts.lv\/en\/wp-json\/wp\/v2\/pages"}],"about":[{"href":"https:\/\/saulespirts.lv\/en\/wp-json\/wp\/v2\/types\/page"}],"author":[{"embeddable":true,"href":"https:\/\/saulespirts.lv\/en\/wp-json\/wp\/v2\/users\/1"}],"replies":[{"embeddable":true,"href":"https:\/\/saulespirts.lv\/en\/wp-json\/wp\/v2\/comments?post=56"}],"version-history":[{"count":10,"href":"https:\/\/saulespirts.lv\/en\/wp-json\/wp\/v2\/pages\/56\/revisions"}],"predecessor-version":[{"id":857,"href":"https:\/\/saulespirts.lv\/en\/wp-json\/wp\/v2\/pages\/56\/revisions\/857"}],"wp:attachment":[{"href":"https:\/\/saulespirts.lv\/en\/wp-json\/wp\/v2\/media?parent=56"}],"curies":[{"name":"wp","href":"https:\/\/api.w.org\/{rel}","templated":true}]}}