{"id":44,"date":"2026-02-28T14:00:19","date_gmt":"2026-02-28T12:00:19","guid":{"rendered":"https:\/\/saulespirts.lv\/?page_id=44"},"modified":"2026-03-03T10:23:12","modified_gmt":"2026-03-03T08:23:12","slug":"pirts","status":"publish","type":"page","link":"https:\/\/saulespirts.lv\/ru\/pirts\/","title":{"rendered":"\u041f\u0430\u0440\u043d\u0430\u044f"},"content":{"rendered":"<section class=\"section alignfull\">\n<div class=\"container\">\n<div class=\"grid-2\">\n<img loading=\"lazy\" decoding=\"async\" width=\"900\" height=\"600\" class=\"has-rounded-corners gb-media-0c6828f1\" alt=\"\" title=\"pirts-rituals_Viesturs-Luka-Indans_Saules-Pirts-4\" src=\"https:\/\/saulespirts.lv\/wp-content\/uploads\/2026\/03\/pirts-rituals_Viesturs-Luka-Indans_Saules-Pirts-4.jpg\" srcset=\"https:\/\/saulespirts.lv\/wp-content\/uploads\/2026\/03\/pirts-rituals_Viesturs-Luka-Indans_Saules-Pirts-4.jpg 900w, https:\/\/saulespirts.lv\/wp-content\/uploads\/2026\/03\/pirts-rituals_Viesturs-Luka-Indans_Saules-Pirts-4-300x200.jpg 300w, https:\/\/saulespirts.lv\/wp-content\/uploads\/2026\/03\/pirts-rituals_Viesturs-Luka-Indans_Saules-Pirts-4-768x512.jpg 768w\" sizes=\"auto, (max-width: 900px) 100vw, 900px\" \/>\n\n\n\n<div class=\"column gb-element-af4997b9\">\n<div class=\"section-header-wrap\">\n<img loading=\"lazy\" decoding=\"async\" width=\"84\" height=\"84\" class=\"section-header__icon\" alt=\"\" title=\"icon-saulespirts\" src=\"https:\/\/saulespirts.lv\/wp-content\/uploads\/2026\/02\/icon-saulespirts.png\"\/>\n\n\n\n<h1 class=\"gb-text\">\u041f\u0430\u0440\u043d\u0430\u044f<\/h1>\n<\/div>\n\n\n\n<p class=\"gb-text\">\u041d\u0438\u0447\u0442\u043e \u043d\u0435 \u043c\u043e\u0436\u0435\u0442 \u0442\u0430\u043a \u0445\u043e\u0440\u043e\u0448\u043e \u0443\u0441\u043f\u043e\u043a\u043e\u0438\u0442\u044c, \u0437\u0430\u0441\u0442\u0430\u0432\u0438\u0442\u044c \u0437\u0430\u0431\u044b\u0442\u044c \u043f\u043e\u0432\u0441\u0435\u0434\u043d\u0435\u0432\u043d\u044b\u0435 \u0437\u0430\u0431\u043e\u0442\u044b, \u0443\u043c\u0435\u043d\u044c\u0448\u0438\u0442\u044c \u0441\u0442\u0440\u0435\u0441\u0441, \u0432\u043e\u0441\u0441\u0442\u0430\u043d\u043e\u0432\u0438\u0442\u044c \u0442\u0435\u043b\u043e, \u043a\u0430\u043a \u0440\u0438\u0442\u0443\u0430\u043b \u0432 \u043f\u0430\u0440\u043d\u043e\u0439.<\/p>\n\n\n\n<p>\u042d\u0442\u043e \u0434\u0430\u0441\u0442 \u0432\u0430\u043c \u043f\u0440\u0438\u043b\u0438\u0432 \u044d\u043d\u0435\u0440\u0433\u0438\u0438, \u0431\u043e\u0434\u0440\u043e\u0441\u0442\u0438, \u0445\u043e\u0440\u043e\u0448\u0435\u0433\u043e \u0441\u0430\u043c\u043e\u0447\u0443\u0432\u0441\u0442\u0432\u0438\u044f, \u0440\u0430\u0434\u043e\u0441\u0442\u0438 \u0436\u0438\u0437\u043d\u0438, \u0443\u043b\u0443\u0447\u0448\u0438\u0442 \u0437\u0434\u043e\u0440\u043e\u0432\u044c\u0435 \u0438 \u0438\u043c\u043c\u0443\u043d\u0438\u0442\u0435\u0442.<\/p>\n\n\n\n<p>\u0412\u043e \u0432\u0440\u0435\u043c\u044f \u0440\u0438\u0442\u0443\u0430\u043b\u0430 \u0432 \u0431\u0430\u043d\u0435 \u043c\u044b \u0437\u0434\u0435\u0441\u044c \u0438 \u0441\u0435\u0439\u0447\u0430\u0441, \u044d\u0442\u043e \u0435\u0434\u0438\u043d\u0441\u0442\u0432\u0435\u043d\u043d\u044b\u0439 \u0441\u043f\u043e\u0441\u043e\u0431 \u0431\u044b\u0442\u044c \u043f\u043e-\u043d\u0430\u0441\u0442\u043e\u044f\u0449\u0435\u043c\u0443 \u0441\u0447\u0430\u0441\u0442\u043b\u0438\u0432\u044b\u043c\u0438.<\/p>\n\n\n\n<p>\u041f\u043e\u0434\u0430\u0440\u0438\u0442\u0435 \u0441\u0432\u043e\u0435\u043c\u0443 \u0442\u0435\u043b\u0443 \u0438 \u0434\u0443\u0445\u0443 \u043d\u0435\u0441\u043a\u043e\u043b\u044c\u043a\u043e \u0447\u0430\u0441\u043e\u0432 \u0440\u0430\u0441\u0441\u043b\u0430\u0431\u043b\u0435\u043d\u0438\u044f, \u043f\u043e\u043a\u043e\u044f \u0438 \u043e\u0442\u0434\u044b\u0445\u0430.<\/p>\n\n\n\n<p>\u042f \u0436\u0435\u043b\u0430\u044e \u0432\u0441\u0435\u043c \u0441\u0447\u0430\u0441\u0442\u044c\u044f!<\/p>\n<\/div>\n<\/div>\n<\/div>\n<\/section>","protected":false},"excerpt":{"rendered":"<p>Pirts Nekas nesp\u0113j tik labi nomierin\u0101t, likt aizmirst ikdienas r\u016bpes, mazin\u0101t stresu, atjaunot \u0137ermeni&nbsp;k\u0101 pirts ritu\u0101ls. Tas sniegs jums ener\u0123ijas piepl\u016bdumu, mundrumu, labsaj\u016btu, dz\u012bvesprieku, uzlabos vesel\u012bbu un imunit\u0101ti. Pirts ritu\u0101la laik\u0101 m\u0113s esam \u0161eit un tagad, tas ir vien\u012bgais veids, k\u0101 varam b\u016bt patiesi laim\u012bgi. Veltiet savam \u0137ermenim un garam da\u017eas stundas relaks\u0101cijas, miera un [&hellip;]<\/p>\n","protected":false},"author":1,"featured_media":0,"parent":0,"menu_order":0,"comment_status":"closed","ping_status":"closed","template":"","meta":{"_acf_changed":false,"footnotes":""},"class_list":["post-44","page","type-page","status-publish","hentry"],"blocksy_meta":{"has_hero_section":"disabled","styles_descriptor":{"styles":{"desktop":"","tablet":"","mobile":""},"google_fonts":[],"version":6}},"acf":[],"_links":{"self":[{"href":"https:\/\/saulespirts.lv\/ru\/wp-json\/wp\/v2\/pages\/44","targetHints":{"allow":["GET"]}}],"collection":[{"href":"https:\/\/saulespirts.lv\/ru\/wp-json\/wp\/v2\/pages"}],"about":[{"href":"https:\/\/saulespirts.lv\/ru\/wp-json\/wp\/v2\/types\/page"}],"author":[{"embeddable":true,"href":"https:\/\/saulespirts.lv\/ru\/wp-json\/wp\/v2\/users\/1"}],"replies":[{"embeddable":true,"href":"https:\/\/saulespirts.lv\/ru\/wp-json\/wp\/v2\/comments?post=44"}],"version-history":[{"count":5,"href":"https:\/\/saulespirts.lv\/ru\/wp-json\/wp\/v2\/pages\/44\/revisions"}],"predecessor-version":[{"id":788,"href":"https:\/\/saulespirts.lv\/ru\/wp-json\/wp\/v2\/pages\/44\/revisions\/788"}],"wp:attachment":[{"href":"https:\/\/saulespirts.lv\/ru\/wp-json\/wp\/v2\/media?parent=44"}],"curies":[{"name":"wp","href":"https:\/\/api.w.org\/{rel}","templated":true}]}}