{"id":46,"date":"2026-02-28T14:00:36","date_gmt":"2026-02-28T12:00:36","guid":{"rendered":"https:\/\/saulespirts.lv\/?page_id=46"},"modified":"2026-03-03T11:06:47","modified_gmt":"2026-03-03T09:06:47","slug":"kontakti","status":"publish","type":"page","link":"https:\/\/saulespirts.lv\/ru\/kontakti\/","title":{"rendered":"\u041a\u043e\u043d\u0442\u0430\u043a\u0442\u044b"},"content":{"rendered":"<section class=\"section alignfull\">\n<div class=\"container column-xl\">\n<div class=\"grid-2\">\n<img loading=\"lazy\" decoding=\"async\" width=\"800\" height=\"533\" class=\"has-rounded-corners gb-media-83358513\" alt=\"\" title=\"800x600-\u0444\u043e\u0442\u043e-\u043c\u0430\u0440\u0442\u0438\u043d\u0441-\u043f\u043b\u0443\u043c-421\" src=\"https:\/\/saulespirts.lv\/wp-content\/uploads\/2026\/03\/800x600-foto-martins-plume-421.jpg\" srcset=\"https:\/\/saulespirts.lv\/wp-content\/uploads\/2026\/03\/800x600-foto-martins-plume-421.jpg 800w, https:\/\/saulespirts.lv\/wp-content\/uploads\/2026\/03\/800x600-foto-martins-plume-421-300x200.jpg 300w, https:\/\/saulespirts.lv\/wp-content\/uploads\/2026\/03\/800x600-foto-martins-plume-421-768x512.jpg 768w\" sizes=\"auto, (max-width: 800px) 100vw, 800px\" \/>\n\n\n\n<div class=\"column\">\n<div class=\"section-header-wrap\">\n<img loading=\"lazy\" decoding=\"async\" width=\"84\" height=\"84\" class=\"section-header__icon\" alt=\"\" title=\"icon-saulespirts\" src=\"https:\/\/saulespirts.lv\/wp-content\/uploads\/2026\/02\/icon-saulespirts.png\"\/>\n\n\n\n<h1 class=\"gb-text\">\u041a\u043e\u043d\u0442\u0430\u043a\u0442\u044b<\/h1>\n<\/div>\n\n\n\n<div class=\"contactbox\"><div class=\"ct-block-wrapper\" style=\"margin-top:0;margin-bottom:0;\">\n<div class=\"ct-contact-info-block\" style=\"--theme-icon-size:20px;--items-spacing:24px;--items-direction:column;--background-color:var(--wp--preset--color--palette-color-1);--background-hover-color:var(--wp--preset--color--palette-color-3);\">\n\t\t<ul data-icons-type=\"rounded:outline\">\n\t\t\t\t\t\t\t\t\t\t\t<li class=\"\">\n\t\t\t\t\t<span class=\"ct-icon-container\"><svg aria-hidden=\"true\" width='15' height='15' viewbox='0 0 15 15'><path d='M7.5,0C4.05365,0,1.25,2.80365,1.25,6.25c0,4.65576,5.66223,8.4845,5.90332,8.64502.10498.07019.22583.10498.34668.10498s.2417-.03479.34668-.10498c.24109-.16052,5.90332-3.98926,5.90332-8.64502,0-3.44635-2.80396-6.25-6.25-6.25ZM7.5,13.60657c-1.18561-.87952-5-3.97339-5-7.35657C2.5,3.49304,4.74304,1.25,7.5,1.25s5,2.24304,5,5c0,3.38318-3.81409,6.47705-5,7.35657ZM7.5,3.75c-1.37848,0-2.5,1.12152-2.5,2.5,0,1.37878,1.12152,2.5,2.5,2.5,1.37878,0,2.5-1.12122,2.5-2.5,0-1.37848-1.12122-2.5-2.5-2.5ZM7.5,7.5c-.68939,0-1.25-.56061-1.25-1.25s.56061-1.25,1.25-1.25c.68909,0,1.25.56061,1.25,1.25s-.56091,1.25-1.25,1.25Z'\/><\/svg><\/span>\n\t\t\t\t\t\t\t\t\t\t\t<div class=\"contact-info\">\n\t\t\t\t\t\t\t\t\t\t\t\t\t\t\t<span class=\"contact-title\">\n\t\t\t\t\t\t\t\t\t\u0410\u0434\u0440\u0435\u0441\t\t\t\t\t\t\t\t<\/span>\n\t\t\t\t\t\t\t\n\t\t\t\t\t\t\t\t\t\t\t\t\t\t\t<span class=\"contact-text\">\n\t\t\t\t\t\t\t\t\t\n\t\t\t\t\t\t\t\t\t\u042e\u0440\u043a\u0430\u043b\u043d\u0435\u0441 \u0443\u043b\u0438\u0446\u0430 58, \u0420\u0438\u0433\u0430, LV1029, \u041b\u0430\u0442\u0432\u0438\u044f\n\t\t\t\t\t\t\t\t\t\t\t\t\t\t\t\t\t<\/span>\n\t\t\t\t\t\t\t\t\t\t\t\t\t<\/div>\n\t\t\t\t\t\t\t\t\t<\/li>\n\t\t\t\t\t\t\t\t\t\t\t<li class=\"\">\n\t\t\t\t\t<span class=\"ct-icon-container\"><svg aria-hidden=\"true\" width='15' height='15' viewbox='0 0 15 15'><path d='M12.3 15h-.2c-2.1-.2-4.1-1-5.9-2.1-1.6-1-3.1-2.5-4.1-4.1C1 7 .2 5 0 2.9-.1 1.8.7.8 1.8.7H4c1 0 1.9.7 2 1.7.1.6.2 1.1.4 1.7.3.7.1 1.6-.5 2.1l-.4.4c.7 1.1 1.7 2.1 2.9 2.9l.4-.5c.6-.6 1.4-.7 2.1-.5.6.3 1.1.4 1.7.5 1 .1 1.8 1 1.7 2v2c0 .5-.2 1-.6 1.4-.3.4-.8.6-1.4.6zM4 2.1H2c-.2 0-.3.1-.4.2-.1.1-.1.3-.1.4.2 1.9.8 3.7 1.8 5.3.9 1.5 2.2 2.7 3.7 3.7 1.6 1 3.4 1.7 5.3 1.9.2 0 .3-.1.4-.2.1-.1.2-.2.2-.4v-2c0-.3-.2-.5-.5-.6-.7-.1-1.3-.3-2-.5-.2-.1-.4 0-.6.1l-.8.9c-.2.2-.6.3-.9.1C6.4 10 5 8.6 4 6.9c-.2-.3-.1-.7.1-.9l.8-.8c.2-.2.2-.4.1-.6-.2-.6-.4-1.3-.5-2 0-.3-.2-.5-.5-.5zm7.7 4.5c-.4 0-.7-.2-.7-.6-.2-1-1-1.8-2-2-.4 0-.7-.4-.6-.8.1-.4.5-.7.9-.6 1.6.3 2.8 1.5 3.1 3.1.1.4-.2.8-.6.9h-.1zm2.6 0c-.4 0-.7-.3-.7-.6-.3-2.4-2.2-4.3-4.6-4.5-.4-.1-.7-.5-.6-.9 0-.4.4-.6.8-.6 3.1.3 5.4 2.7 5.8 5.8 0 .4-.3.7-.7.8z'\/><\/svg><\/span>\n\t\t\t\t\t\t\t\t\t\t\t<div class=\"contact-info\">\n\t\t\t\t\t\t\t\t\t\t\t\t\t\t\t<span class=\"contact-title\">\n\t\t\t\t\t\t\t\t\t\u0422\u0435\u043b\u0435\u0444\u043e\u043d:\t\t\t\t\t\t\t\t<\/span>\n\t\t\t\t\t\t\t\n\t\t\t\t\t\t\t\t\t\t\t\t\t\t\t<span class=\"contact-text\">\n\t\t\t\t\t\t\t\t\t\t\t\t\t\t\t\t\t\t\t<a href=\"tel:578-393-4937\" >\n\t\t\t\t\t\t\t\t\t\n\t\t\t\t\t\t\t\t\t578-393-4937\n\t\t\t\t\t\t\t\t\t\t\t\t\t\t\t\t\t\t\t<\/a>\n\t\t\t\t\t\t\t\t\t\t\t\t\t\t\t\t\t<\/span>\n\t\t\t\t\t\t\t\t\t\t\t\t\t<\/div>\n\t\t\t\t\t\t\t\t\t<\/li>\n\t\t\t\t\t\t\t\t\t\t\t<li class=\"\">\n\t\t\t\t\t<span class=\"ct-icon-container\"><svg aria-hidden=\"true\" width=\"20\" height=\"20\" viewbox=\"0,0,512,512\"><path d=\"M464 64H48C21.49 64 0 85.49 0 112v288c0 26.51 21.49 48 48 48h416c26.51 0 48-21.49 48-48V112c0-26.51-21.49-48-48-48zm0 48v40.805c-22.422 18.259-58.168 46.651-134.587 106.49-16.841 13.247-50.201 45.072-73.413 44.701-23.208.375-56.579-31.459-73.413-44.701C106.18 199.465 70.425 171.067 48 152.805V112h416zM48 400V214.398c22.914 18.251 55.409 43.862 104.938 82.646 21.857 17.205 60.134 55.186 103.062 54.955 42.717.231 80.509-37.199 103.053-54.947 49.528-38.783 82.032-64.401 104.947-82.653V400H48z\" \/><\/svg><\/span>\n\t\t\t\t\t\t\t\t\t\t\t<div class=\"contact-info\">\n\t\t\t\t\t\t\t\t\t\t\t\t\t\t\t<span class=\"contact-title\">\n\t\t\t\t\t\t\t\t\t\u042d\u043b\u0435\u043a\u0442\u0440\u043e\u043d\u043d\u0430\u044f \u043f\u043e\u0447\u0442\u0430:\t\t\t\t\t\t\t\t<\/span>\n\t\t\t\t\t\t\t\n\t\t\t\t\t\t\t\t\t\t\t\t\t\t\t<span class=\"contact-text\">\n\t\t\t\t\t\t\t\t\t\t\t\t\t\t\t\t\t\t\t<a href=\"mailto:&#108;uk&#097;in&#100;&#097;&#110;&#115;&#064;&#103;m&#097;&#105;&#108;&#046;c&#111;&#109;\" >lukaindans@gmail.com<\/a>\n\t\t\t\t\t\t\t\t\t\t\t\t\t\t\t\t\t<\/span>\n\t\t\t\t\t\t\t\t\t\t\t\t\t<\/div>\n\t\t\t\t\t\t\t\t\t<\/li>\n\t\t\t\t\t<\/ul>\n\n\t\t<\/div>\n<\/div><\/div>\n<\/div>\n<\/div>\n\n\n\n<div class=\"grid-2\">\n<iframe loading=\"lazy\" src=\"https:\/\/www.google.com\/maps\/embed?pb=!1m14!1m8!1m3!1d2176.668394633035!2d24.017448199999997!3d56.937349!3m2!1i1024!2i768!4f13.1!3m3!1m2!1s0x46eeda98b2c2e4bf%3A0xe33bcafb21f657ef!2zSsWrcmthbG5lcyBpZWxhIDU4LCBaZW1nYWxlcyBwcmlla8WhcGlsc8STdGEsIFLEq2dhLCBMVi0xMDI5!5e0!3m2!1slv!2slv!4v1413805803767\" width=\"600\" height=\"450\" frameborder=\"0\" style=\"border:0\"><\/iframe>\n\n\n\n<div class=\"column\">\n<div class=\"contactbox column\">\n<h2 class=\"gb-text gb-text-7f0707e9\">\u0420\u0435\u043a\u0432\u0438\u0437\u0438\u0442\u044b<\/h2>\n\n\n\n<p>SAULES PIRTS SIA<br>\u0420\u0435\u0433. \u2116 40103568542<br>\u0414\u0410\u041c\u041c\u0415\u0421 \u0423\u041b\u0418\u0426\u0410 30-39, \u0420\u0418\u0413\u0410 LV-1069<br>\u041d\u043e\u043c\u0435\u0440 \u0441\u0447\u0435\u0442\u0430 LV92HABA 0551 0337 22642<br>SWEDBANK AS<br>S.W.I.F.T. HABALV22<\/p>\n<\/div>\n<\/div>\n<\/div>\n<\/div>\n<\/section>\n\n\n\n<section class=\"section gb-element-6a4ab520 alignfull\">\n<div class=\"container column-l\">\n<div class=\"section-header-wrap\">\n<img loading=\"lazy\" decoding=\"async\" width=\"84\" height=\"84\" class=\"section-header__icon\" alt=\"\" title=\"icon-saulespirts\" src=\"https:\/\/saulespirts.lv\/wp-content\/uploads\/2026\/02\/icon-saulespirts.png\"\/>\n\n\n\n<h2 class=\"gb-text\">\u041a\u0430\u043a \u0434\u043e\u0431\u0440\u0430\u0442\u044c\u0441\u044f<\/h2>\n<\/div>\n\n\n\n<div class=\"grid-2 gb-element-c29f8cb6\">\n<img loading=\"lazy\" decoding=\"async\" width=\"800\" height=\"532\" class=\"has-rounded-corners gb-media-7fa2bdcc\" alt=\"\" title=\"800x600-\u0446\u044d-----\u0443\u0437-\u0441\u043e\u043b\u043d\u0435\u0447\u043d\u0443\u044e-\u0431\u0430\u043d\u044e\" src=\"https:\/\/saulespirts.lv\/wp-content\/uploads\/2026\/03\/800x600-ce-uz-saules-pirti.jpg\" srcset=\"https:\/\/saulespirts.lv\/wp-content\/uploads\/2026\/03\/800x600-ce-uz-saules-pirti.jpg 800w, https:\/\/saulespirts.lv\/wp-content\/uploads\/2026\/03\/800x600-ce-uz-saules-pirti-300x200.jpg 300w, https:\/\/saulespirts.lv\/wp-content\/uploads\/2026\/03\/800x600-ce-uz-saules-pirti-768x511.jpg 768w\" sizes=\"auto, (max-width: 800px) 100vw, 800px\" \/>\n\n\n\n<img loading=\"lazy\" decoding=\"async\" width=\"800\" height=\"532\" class=\"has-rounded-corners gb-media-4464c063\" alt=\"\" title=\"800x600-\u0446\u044d-----\u0443\u0437-\u0441\u043e\u043b\u043d\u0435\u0447\u043d\u0443\u044e-\u0431\u0430\u043d\u044e-1\" src=\"https:\/\/saulespirts.lv\/wp-content\/uploads\/2026\/03\/800x600-ce-uz-saules-pirti-1.jpg\" srcset=\"https:\/\/saulespirts.lv\/wp-content\/uploads\/2026\/03\/800x600-ce-uz-saules-pirti-1.jpg 800w, https:\/\/saulespirts.lv\/wp-content\/uploads\/2026\/03\/800x600-ce-uz-saules-pirti-1-300x200.jpg 300w, https:\/\/saulespirts.lv\/wp-content\/uploads\/2026\/03\/800x600-ce-uz-saules-pirti-1-768x511.jpg 768w\" sizes=\"auto, (max-width: 800px) 100vw, 800px\" \/>\n\n\n\n<img loading=\"lazy\" decoding=\"async\" width=\"800\" height=\"532\" class=\"has-rounded-corners gb-media-d52fe761\" alt=\"\" title=\"800x600-\u0446\u044d-----\u0443\u0437-\u0441\u043e\u043b\u043d\u0435\u0447\u043d\u0443\u044e-\u0431\u0430\u043d\u044e-2\" src=\"https:\/\/saulespirts.lv\/wp-content\/uploads\/2026\/03\/800x600-ce-uz-saules-pirti-2.jpg\" srcset=\"https:\/\/saulespirts.lv\/wp-content\/uploads\/2026\/03\/800x600-ce-uz-saules-pirti-2.jpg 800w, https:\/\/saulespirts.lv\/wp-content\/uploads\/2026\/03\/800x600-ce-uz-saules-pirti-2-300x200.jpg 300w, https:\/\/saulespirts.lv\/wp-content\/uploads\/2026\/03\/800x600-ce-uz-saules-pirti-2-768x511.jpg 768w\" sizes=\"auto, (max-width: 800px) 100vw, 800px\" \/>\n\n\n\n<img loading=\"lazy\" decoding=\"async\" width=\"800\" height=\"532\" class=\"has-rounded-corners gb-media-5bc632b9\" alt=\"\" title=\"800x600-\u0446\u044d-----\u0443\u0437-\u0441\u043e\u043b\u043d\u0435\u0447\u043d\u0443\u044e-\u0431\u0430\u043d\u044e-3\" src=\"https:\/\/saulespirts.lv\/wp-content\/uploads\/2026\/03\/800x600-ce-uz-saules-pirti-3.jpg\" srcset=\"https:\/\/saulespirts.lv\/wp-content\/uploads\/2026\/03\/800x600-ce-uz-saules-pirti-3.jpg 800w, https:\/\/saulespirts.lv\/wp-content\/uploads\/2026\/03\/800x600-ce-uz-saules-pirti-3-300x200.jpg 300w, https:\/\/saulespirts.lv\/wp-content\/uploads\/2026\/03\/800x600-ce-uz-saules-pirti-3-768x511.jpg 768w\" sizes=\"auto, (max-width: 800px) 100vw, 800px\" \/>\n\n\n\n<img loading=\"lazy\" decoding=\"async\" width=\"800\" height=\"532\" class=\"has-rounded-corners gb-media-6d2e88c6\" alt=\"\" title=\"800x600-\u0446\u044d-----\u0443\u0437-\u0441\u043e\u043b\u043d\u0435\u0447\u043d\u0443\u044e-\u0431\u0430\u043d\u044e-4\" src=\"https:\/\/saulespirts.lv\/wp-content\/uploads\/2026\/03\/800x600-ce-uz-saules-pirti-4.jpg\" srcset=\"https:\/\/saulespirts.lv\/wp-content\/uploads\/2026\/03\/800x600-ce-uz-saules-pirti-4.jpg 800w, https:\/\/saulespirts.lv\/wp-content\/uploads\/2026\/03\/800x600-ce-uz-saules-pirti-4-300x200.jpg 300w, https:\/\/saulespirts.lv\/wp-content\/uploads\/2026\/03\/800x600-ce-uz-saules-pirti-4-768x511.jpg 768w\" sizes=\"auto, (max-width: 800px) 100vw, 800px\" \/>\n\n\n\n<img loading=\"lazy\" decoding=\"async\" width=\"800\" height=\"532\" class=\"has-rounded-corners gb-media-ef7b2583\" alt=\"\" title=\"800x600-\u0446\u044d-----\u0443\u0437-\u0441\u043e\u043b\u043d\u0435\u0447\u043d\u0443\u044e-\u0431\u0430\u043d\u044e-5\" src=\"https:\/\/saulespirts.lv\/wp-content\/uploads\/2026\/03\/800x600-ce-uz-saules-pirti-5.jpg\" srcset=\"https:\/\/saulespirts.lv\/wp-content\/uploads\/2026\/03\/800x600-ce-uz-saules-pirti-5.jpg 800w, https:\/\/saulespirts.lv\/wp-content\/uploads\/2026\/03\/800x600-ce-uz-saules-pirti-5-300x200.jpg 300w, https:\/\/saulespirts.lv\/wp-content\/uploads\/2026\/03\/800x600-ce-uz-saules-pirti-5-768x511.jpg 768w\" sizes=\"auto, (max-width: 800px) 100vw, 800px\" \/>\n\n\n\n<img loading=\"lazy\" decoding=\"async\" width=\"800\" height=\"532\" class=\"has-rounded-corners gb-media-aa7fe96f\" alt=\"\" title=\"800x600-\u0446\u044d-----\u0443\u0437-\u0441\u043e\u043b\u043d\u0435\u0447\u043d\u0443\u044e-\u0431\u0430\u043d\u044e-6\" src=\"https:\/\/saulespirts.lv\/wp-content\/uploads\/2026\/03\/800x600-ce-uz-saules-pirti-6.jpg\" srcset=\"https:\/\/saulespirts.lv\/wp-content\/uploads\/2026\/03\/800x600-ce-uz-saules-pirti-6.jpg 800w, https:\/\/saulespirts.lv\/wp-content\/uploads\/2026\/03\/800x600-ce-uz-saules-pirti-6-300x200.jpg 300w, https:\/\/saulespirts.lv\/wp-content\/uploads\/2026\/03\/800x600-ce-uz-saules-pirti-6-768x511.jpg 768w\" sizes=\"auto, (max-width: 800px) 100vw, 800px\" \/>\n\n\n\n<img loading=\"lazy\" decoding=\"async\" width=\"800\" height=\"532\" class=\"has-rounded-corners gb-media-9447529b\" alt=\"\" title=\"800x600-\u0446\u044d-----\u0443\u0437-\u0441\u043e\u043b\u043d\u0435\u0447\u043d\u0443\u044e-\u0431\u0430\u043d\u044e-7\" src=\"https:\/\/saulespirts.lv\/wp-content\/uploads\/2026\/03\/800x600-ce-uz-saules-pirti-7.jpg\" srcset=\"https:\/\/saulespirts.lv\/wp-content\/uploads\/2026\/03\/800x600-ce-uz-saules-pirti-7.jpg 800w, https:\/\/saulespirts.lv\/wp-content\/uploads\/2026\/03\/800x600-ce-uz-saules-pirti-7-300x200.jpg 300w, https:\/\/saulespirts.lv\/wp-content\/uploads\/2026\/03\/800x600-ce-uz-saules-pirti-7-768x511.jpg 768w\" sizes=\"auto, (max-width: 800px) 100vw, 800px\" \/>\n\n\n\n<img loading=\"lazy\" decoding=\"async\" width=\"800\" height=\"532\" class=\"has-rounded-corners gb-media-0c960821\" alt=\"\" title=\"800x600-\u0446\u044d-----\u0443\u0437-\u0441\u043e\u043b\u043d\u0435\u0447\u043d\u0443\u044e-\u0431\u0430\u043d\u044e-8\" src=\"https:\/\/saulespirts.lv\/wp-content\/uploads\/2026\/03\/800x600-ce-uz-saules-pirti-8.jpg\" srcset=\"https:\/\/saulespirts.lv\/wp-content\/uploads\/2026\/03\/800x600-ce-uz-saules-pirti-8.jpg 800w, https:\/\/saulespirts.lv\/wp-content\/uploads\/2026\/03\/800x600-ce-uz-saules-pirti-8-300x200.jpg 300w, https:\/\/saulespirts.lv\/wp-content\/uploads\/2026\/03\/800x600-ce-uz-saules-pirti-8-768x511.jpg 768w\" sizes=\"auto, (max-width: 800px) 100vw, 800px\" \/>\n<\/div>\n<\/div>\n<\/section>","protected":false},"excerpt":{"rendered":"<p>Kontakti Rekviz\u012bti SAULES PIRTS SIARe\u0123. Nr. 40103568542DAMMES IELA 30-39, R\u012aGA LV-1069Konta Nr. LV92HABA 0551 0337 22642SWEDBANK ASS.W.I.F.T. HABALV22 K\u0101 nok\u013c\u016bt<\/p>","protected":false},"author":1,"featured_media":0,"parent":0,"menu_order":0,"comment_status":"closed","ping_status":"closed","template":"","meta":{"_acf_changed":false,"footnotes":""},"class_list":["post-46","page","type-page","status-publish","hentry"],"blocksy_meta":{"has_hero_section":"disabled","styles_descriptor":{"styles":{"desktop":"","tablet":"","mobile":""},"google_fonts":[],"version":6}},"acf":[],"_links":{"self":[{"href":"https:\/\/saulespirts.lv\/ru\/wp-json\/wp\/v2\/pages\/46","targetHints":{"allow":["GET"]}}],"collection":[{"href":"https:\/\/saulespirts.lv\/ru\/wp-json\/wp\/v2\/pages"}],"about":[{"href":"https:\/\/saulespirts.lv\/ru\/wp-json\/wp\/v2\/types\/page"}],"author":[{"embeddable":true,"href":"https:\/\/saulespirts.lv\/ru\/wp-json\/wp\/v2\/users\/1"}],"replies":[{"embeddable":true,"href":"https:\/\/saulespirts.lv\/ru\/wp-json\/wp\/v2\/comments?post=46"}],"version-history":[{"count":12,"href":"https:\/\/saulespirts.lv\/ru\/wp-json\/wp\/v2\/pages\/46\/revisions"}],"predecessor-version":[{"id":807,"href":"https:\/\/saulespirts.lv\/ru\/wp-json\/wp\/v2\/pages\/46\/revisions\/807"}],"wp:attachment":[{"href":"https:\/\/saulespirts.lv\/ru\/wp-json\/wp\/v2\/media?parent=46"}],"curies":[{"name":"wp","href":"https:\/\/api.w.org\/{rel}","templated":true}]}}