{"id":54,"date":"2026-02-28T14:01:34","date_gmt":"2026-02-28T12:01:34","guid":{"rendered":"https:\/\/saulespirts.lv\/?page_id=54"},"modified":"2026-03-03T10:38:25","modified_gmt":"2026-03-03T08:38:25","slug":"video","status":"publish","type":"page","link":"https:\/\/saulespirts.lv\/ru\/video\/","title":{"rendered":"\u0412\u0438\u0434\u0435\u043e"},"content":{"rendered":"<section class=\"section alignfull\">\n<div class=\"container\">\n<div class=\"grid-2\">\n<div class=\"column\">\n<figure class=\"wp-block-embed is-type-video is-provider-youtube wp-block-embed-youtube wp-embed-aspect-16-9 wp-has-aspect-ratio\"><div class=\"wp-block-embed__wrapper\">\n<iframe loading=\"lazy\" title=\"\u0421\u0430\u0443\u043d\u0430 \u0434\u043b\u044f \u043d\u043e\u0432\u043e\u0440\u043e\u0436\u0434\u0435\u043d\u043d\u044b\u0445\" width=\"1290\" height=\"726\" src=\"https:\/\/www.youtube.com\/embed\/kwLrdztVVak?feature=oembed\" frameborder=\"0\" allow=\"accelerometer; autoplay; clipboard-write; encrypted-media; gyroscope; picture-in-picture; web-share\" referrerpolicy=\"strict-origin-when-cross-origin\" allowfullscreen><\/iframe>\n<\/div><\/figure>\n\n\n\n<p class=\"gb-text\">\u0421\u0430\u0443\u043d\u0430 \u0421\u043e\u043b\u043d\u0446\u0430 \u043f\u043e\u0434 \u0440\u0443\u043a\u043e\u0432\u043e\u0434\u0441\u0442\u0432\u043e\u043c \u0414\u0430\u0446\u0435 \u041c\u0438\u0435\u0437\u0438\u0442\u0435<\/p>\n<\/div>\n\n\n\n<div class=\"column\">\n<figure class=\"wp-block-embed is-type-video is-provider-youtube wp-block-embed-youtube wp-embed-aspect-16-9 wp-has-aspect-ratio\"><div class=\"wp-block-embed__wrapper\">\n<iframe loading=\"lazy\" title=\"\u0421\u0430\u0443\u043d\u0430 \u0421\u043e\u043b\u043d\u0446\u0430 \u043f\u043e\u0434 \u0440\u0443\u043a\u043e\u0432\u043e\u0434\u0441\u0442\u0432\u043e\u043c \u0430\u043a\u0443\u0448\u0435\u0440\u043a\u0438 \u041a\u0440\u0438\u0441\u0442\u0438\u043d\u0435 \u0411\u0435\u0440\u0437\u0438\u043d\u0438\" width=\"1290\" height=\"726\" src=\"https:\/\/www.youtube.com\/embed\/LxKZp8jsU6w?feature=oembed\" frameborder=\"0\" allow=\"accelerometer; autoplay; clipboard-write; encrypted-media; gyroscope; picture-in-picture; web-share\" referrerpolicy=\"strict-origin-when-cross-origin\" allowfullscreen><\/iframe>\n<\/div><\/figure>\n\n\n\n<p class=\"gb-text\">\u0421\u0430\u0443\u043d\u0430 \u0421\u043e\u043b\u043d\u0446\u0430 \u043f\u043e\u0434 \u0440\u0443\u043a\u043e\u0432\u043e\u0434\u0441\u0442\u0432\u043e\u043c \u0430\u043a\u0443\u0448\u0435\u0440\u043a\u0438 \u041a\u0440\u0438\u0441\u0442\u0438\u043d\u0435 \u0411\u0435\u0440\u0437\u0438\u043d\u0438<\/p>\n<\/div>\n\n\n\n<div class=\"column\">\n<figure class=\"wp-block-embed is-type-video is-provider-youtube wp-block-embed-youtube wp-embed-aspect-16-9 wp-has-aspect-ratio\"><div class=\"wp-block-embed__wrapper\">\n<iframe loading=\"lazy\" title=\"\u0421\u0430\u0443\u043d\u0430 \u0434\u043b\u044f \u043d\u043e\u0432\u043e\u0440\u043e\u0436\u0434\u0435\u043d\u043d\u044b\u0445\" width=\"1290\" height=\"726\" src=\"https:\/\/www.youtube.com\/embed\/V2_CqT0Vfuk?feature=oembed\" frameborder=\"0\" allow=\"accelerometer; autoplay; clipboard-write; encrypted-media; gyroscope; picture-in-picture; web-share\" referrerpolicy=\"strict-origin-when-cross-origin\" allowfullscreen><\/iframe>\n<\/div><\/figure>\n\n\n\n<p class=\"gb-text\">\u0421\u0430\u0443\u043d\u0430 \u0421\u043e\u043b\u043d\u0446\u0430 \u043f\u043e\u0434 \u0440\u0443\u043a\u043e\u0432\u043e\u0434\u0441\u0442\u0432\u043e\u043c \u041a\u0430\u0442\u0440\u0438\u043d\u044b \u041f\u0443\u0440\u0438\u043d\u0438<\/p>\n<\/div>\n\n\n\n<div class=\"column\">\n<figure class=\"wp-block-embed is-type-video is-provider-youtube wp-block-embed-youtube wp-embed-aspect-16-9 wp-has-aspect-ratio\"><div class=\"wp-block-embed__wrapper\">\n<iframe loading=\"lazy\" title=\"Saules Pirts - \u0431\u0430\u043d\u043d\u044b\u0439 \u0440\u0438\u0442\u0443\u0430\u043b, sauna ritual, \u0431\u0430\u043d\u043d\u044b\u0439 \u0440\u0438\u0442\u0443\u0430\u043b, \u0412\u0438\u0435\u0441\u0442\u0443\u0440\u0441 \u041b\u0443\u043a\u0430-\u0418\u043d\u0434\u044f\u043d\u0441\" width=\"1290\" height=\"726\" src=\"https:\/\/www.youtube.com\/embed\/JsnK7-HzbwI?feature=oembed\" frameborder=\"0\" allow=\"accelerometer; autoplay; clipboard-write; encrypted-media; gyroscope; picture-in-picture; web-share\" referrerpolicy=\"strict-origin-when-cross-origin\" allowfullscreen><\/iframe>\n<\/div><\/figure>\n\n\n\n<p class=\"gb-text\">Saules Pirts \u2013 \u0431\u0430\u043d\u043d\u044b\u0439 \u0440\u0438\u0442\u0443\u0430\u043b, sauna ritual, \u0412\u0438\u0435\u0441\u0442\u0443\u0440\u0441 \u041b\u0443\u043a\u0430-\u0418\u043d\u0434\u044f\u043d\u0441<\/p>\n<\/div>\n\n\n\n<div class=\"column\">\n<figure class=\"wp-block-embed is-type-video is-provider-youtube wp-block-embed-youtube wp-embed-aspect-16-9 wp-has-aspect-ratio\"><div class=\"wp-block-embed__wrapper\">\n<iframe loading=\"lazy\" title=\"\u0421\u0430\u0443\u043d\u0430 \u0437\u0430\u0439\u0447\u0438\u043a\u043e\u0432 - \u0412\u0438\u0435\u0441\u0442\u0443\u0440\u0441 \u041b\u0443\u043a\u0430-\u0418\u043d\u0434\u044f\u043d\u0441, Saules Pirts\" width=\"1290\" height=\"726\" src=\"https:\/\/www.youtube.com\/embed\/74KUDtwO-X0?feature=oembed\" frameborder=\"0\" allow=\"accelerometer; autoplay; clipboard-write; encrypted-media; gyroscope; picture-in-picture; web-share\" referrerpolicy=\"strict-origin-when-cross-origin\" allowfullscreen><\/iframe>\n<\/div><\/figure>\n\n\n\n<p class=\"gb-text\">\u0421\u0430\u0443\u043d\u0430 \u0437\u0430\u0439\u0447\u0438\u043a\u043e\u0432 \u2013 \u0412\u0438\u0435\u0441\u0442\u0443\u0440\u0441 \u041b\u0443\u043a\u0430-\u0418\u043d\u0434\u044f\u043d\u0441, Saules Pirts<\/p>\n<\/div>\n\n\n\n<div class=\"column\">\n<figure class=\"wp-block-embed is-type-video is-provider-vimeo wp-block-embed-vimeo wp-embed-aspect-16-9 wp-has-aspect-ratio\"><div class=\"wp-block-embed__wrapper\">\n<iframe loading=\"lazy\" title=\"\u041f\u0420\u0418\u041a\u041b\u042e\u0427\u0415\u041d\u0418\u0415 \u041d\u0410 \u041f\u0420\u0418\u0420\u041e\u0414\u0415\/ \u041e\u043f\u0435\u0440\u0430\u0446\u0438\u044f: \u0417\u0430\u0439\u0447\u0438\u043a\u043e\u0432\u0430\u044f \u0441\u0430\u0443\u043d\u0430\/10.04.2014.\" src=\"https:\/\/player.vimeo.com\/video\/91896516?dnt=1&amp;app_id=122963\" width=\"1280\" height=\"720\" frameborder=\"0\" allow=\"autoplay; fullscreen; picture-in-picture; clipboard-write; encrypted-media; web-share\" referrerpolicy=\"strict-origin-when-cross-origin\"><\/iframe>\n<\/div><\/figure>\n\n\n\n<p class=\"gb-text\">\u041f\u0420\u0418\u041a\u041b\u042e\u0427\u0415\u041d\u0418\u0415 \u041d\u0410 \u041f\u0420\u0418\u0420\u041e\u0414\u0415\/ \u041e\u043f\u0435\u0440\u0430\u0446\u0438\u044f: \u0417\u0430\u0439\u0447\u0438\u043a\u043e\u0432\u0430\u044f \u0441\u0430\u0443\u043d\u0430\/10.04.2014.<\/p>\n<\/div>\n\n\n\n<div class=\"column\">\n<figure class=\"wp-block-embed is-type-video is-provider-youtube wp-block-embed-youtube wp-embed-aspect-16-9 wp-has-aspect-ratio\"><div class=\"wp-block-embed__wrapper\">\n<iframe loading=\"lazy\" title=\"\u0424\u0435\u0441\u0442\u0438\u0432\u0430\u043b\u044c \u0421\u043e\u043b\u043d\u0446\u0430 2018\" width=\"1290\" height=\"726\" src=\"https:\/\/www.youtube.com\/embed\/DIR7V50fg6s?feature=oembed\" frameborder=\"0\" allow=\"accelerometer; autoplay; clipboard-write; encrypted-media; gyroscope; picture-in-picture; web-share\" referrerpolicy=\"strict-origin-when-cross-origin\" allowfullscreen><\/iframe>\n<\/div><\/figure>\n\n\n\n<p class=\"gb-text\">\u0424\u0435\u0441\u0442\u0438\u0432\u0430\u043b\u044c \u0421\u043e\u043b\u043d\u0446\u0430 2018<\/p>\n<\/div>\n\n\n\n<div class=\"column\">\n<figure class=\"wp-block-embed is-type-video is-provider-youtube wp-block-embed-youtube wp-embed-aspect-16-9 wp-has-aspect-ratio\"><div class=\"wp-block-embed__wrapper\">\n<iframe loading=\"lazy\" title=\"\u0424\u0435\u0441\u0442\u0438\u0432\u0430\u043b\u044c \u0421\u043e\u043b\u043d\u0446\u0430 2017\" width=\"1290\" height=\"726\" src=\"https:\/\/www.youtube.com\/embed\/fVtjB1RVNb4?feature=oembed\" frameborder=\"0\" allow=\"accelerometer; autoplay; clipboard-write; encrypted-media; gyroscope; picture-in-picture; web-share\" referrerpolicy=\"strict-origin-when-cross-origin\" allowfullscreen><\/iframe>\n<\/div><\/figure>\n\n\n\n<p class=\"gb-text\">\u0424\u0435\u0441\u0442\u0438\u0432\u0430\u043b\u044c \u0421\u043e\u043b\u043d\u0446\u0430 2017<\/p>\n<\/div>\n\n\n\n<div class=\"column\">\n<figure class=\"wp-block-embed is-type-video is-provider-youtube wp-block-embed-youtube wp-embed-aspect-16-9 wp-has-aspect-ratio\"><div class=\"wp-block-embed__wrapper\">\n<iframe loading=\"lazy\" title=\"\u0424\u0435\u0441\u0442\u0438\u0432\u0430\u043b\u044c \u0421\u043e\u043b\u043d\u0446\u0430 2016\" width=\"1290\" height=\"726\" src=\"https:\/\/www.youtube.com\/embed\/wllbqgWi1oA?feature=oembed\" frameborder=\"0\" allow=\"accelerometer; autoplay; clipboard-write; encrypted-media; gyroscope; picture-in-picture; web-share\" referrerpolicy=\"strict-origin-when-cross-origin\" allowfullscreen><\/iframe>\n<\/div><\/figure>\n\n\n\n<p class=\"gb-text\">\u0424\u0435\u0441\u0442\u0438\u0432\u0430\u043b\u044c \u0421\u043e\u043b\u043d\u0446\u0430 2016<\/p>\n<\/div>\n\n\n\n<div class=\"column\">\n<figure class=\"wp-block-embed is-type-video is-provider-youtube wp-block-embed-youtube wp-embed-aspect-16-9 wp-has-aspect-ratio\"><div class=\"wp-block-embed__wrapper\">\n<iframe loading=\"lazy\" title=\"\u0424\u0435\u0441\u0442\u0438\u0432\u0430\u043b\u044c \u0421\u043e\u043b\u043d\u0446\u0430 2015\" width=\"1290\" height=\"726\" src=\"https:\/\/www.youtube.com\/embed\/BmRSPyQ5EOM?feature=oembed\" frameborder=\"0\" allow=\"accelerometer; autoplay; clipboard-write; encrypted-media; gyroscope; picture-in-picture; web-share\" referrerpolicy=\"strict-origin-when-cross-origin\" allowfullscreen><\/iframe>\n<\/div><\/figure>\n\n\n\n<p class=\"gb-text\">\u0424\u0435\u0441\u0442\u0438\u0432\u0430\u043b\u044c \u0421\u043e\u043b\u043d\u0446\u0430 2015<\/p>\n<\/div>\n\n\n\n<div class=\"column\">\n<figure class=\"wp-block-embed is-type-video is-provider-youtube wp-block-embed-youtube wp-embed-aspect-16-9 wp-has-aspect-ratio\"><div class=\"wp-block-embed__wrapper\">\n<iframe loading=\"lazy\" title=\"\u0424\u0435\u0441\u0442\u0438\u0432\u0430\u043b\u044c \u0421\u043e\u043b\u043d\u0446\u0430 2014\" width=\"1290\" height=\"726\" src=\"https:\/\/www.youtube.com\/embed\/FrEPc_ldcFw?feature=oembed\" frameborder=\"0\" allow=\"accelerometer; autoplay; clipboard-write; encrypted-media; gyroscope; picture-in-picture; web-share\" referrerpolicy=\"strict-origin-when-cross-origin\" allowfullscreen><\/iframe>\n<\/div><\/figure>\n\n\n\n<p class=\"gb-text\">\u0424\u0435\u0441\u0442\u0438\u0432\u0430\u043b\u044c \u0421\u043e\u043b\u043d\u0446\u0430 2014<\/p>\n<\/div>\n\n\n\n<div class=\"column\">\n<figure class=\"wp-block-embed is-type-video is-provider-youtube wp-block-embed-youtube wp-embed-aspect-4-3 wp-has-aspect-ratio\"><div class=\"wp-block-embed__wrapper\">\n<iframe loading=\"lazy\" title=\"\u0411\u0430\u043d\u043d\u044b\u0439 \u0440\u0438\u0442\u0443\u0430\u043b, \u0447\u0430\u0441\u0442\u044c Sauna Ritual, \u0412\u0438\u0435\u0441\u0442\u0443\u0440\u0441 \u041b\u0443\u043a\u0430-\u0418\u043d\u0434\u044f\u043d\u0441, \u041b\u0430\u0442\u0432\u0438\u044f\" width=\"1290\" height=\"968\" src=\"https:\/\/www.youtube.com\/embed\/ZWg9LBlc0bc?feature=oembed\" frameborder=\"0\" allow=\"accelerometer; autoplay; clipboard-write; encrypted-media; gyroscope; picture-in-picture; web-share\" referrerpolicy=\"strict-origin-when-cross-origin\" allowfullscreen><\/iframe>\n<\/div><\/figure>\n\n\n\n<p class=\"gb-text\">\u0411\u0430\u043d\u043d\u044b\u0439 \u0440\u0438\u0442\u0443\u0430\u043b, \u0447\u0430\u0441\u0442\u044c Sauna Ritual, \u0412\u0438\u0435\u0441\u0442\u0443\u0440\u0441 \u041b\u0443\u043a\u0430-\u0418\u043d\u0434\u044f\u043d\u0441, \u041b\u0430\u0442\u0432\u0438\u044f<\/p>\n<\/div>\n<\/div>\n<\/div>\n<\/section>","protected":false},"excerpt":{"rendered":"<p>Pirt\u012b\u017eas Saules pirt\u012b Daces Miez\u012btes vad\u012bb\u0101 Pirt\u012b\u017eas Saules Pirt\u012b d\u016blas Krist\u012bnes B\u0113rzi\u0146as vad\u012bb\u0101 Pirt\u012b\u017eas Saules Pirt\u012b Katr\u012bnas Puri\u0146as vad\u012bb\u0101 Saules Pirts &#8211; pirts ritu\u0101ls, sauna ritual, Viesturs Luka-Ind\u0101ns Saules za\u0137\u012b\u0161u pirti\u0146a &#8211; Viesturs Luka-Ind\u0101ns, Saules Pirts PIEDZ\u012aVOJUMS DAB\u0100\/ Oper\u0101cija: Za\u0137\u012b\u0161u pirti\u0146a\/10.04.2014. Saules Festiv\u0101ls 2018 Saules Festiv\u0101ls 2017 Saules Festiv\u0101ls 2016 Saules Festiv\u0101ls 2015 Saules Festiv\u0101ls [&hellip;]<\/p>\n","protected":false},"author":1,"featured_media":0,"parent":0,"menu_order":0,"comment_status":"closed","ping_status":"closed","template":"","meta":{"_acf_changed":false,"footnotes":""},"class_list":["post-54","page","type-page","status-publish","hentry"],"blocksy_meta":[],"acf":[],"_links":{"self":[{"href":"https:\/\/saulespirts.lv\/ru\/wp-json\/wp\/v2\/pages\/54","targetHints":{"allow":["GET"]}}],"collection":[{"href":"https:\/\/saulespirts.lv\/ru\/wp-json\/wp\/v2\/pages"}],"about":[{"href":"https:\/\/saulespirts.lv\/ru\/wp-json\/wp\/v2\/types\/page"}],"author":[{"embeddable":true,"href":"https:\/\/saulespirts.lv\/ru\/wp-json\/wp\/v2\/users\/1"}],"replies":[{"embeddable":true,"href":"https:\/\/saulespirts.lv\/ru\/wp-json\/wp\/v2\/comments?post=54"}],"version-history":[{"count":2,"href":"https:\/\/saulespirts.lv\/ru\/wp-json\/wp\/v2\/pages\/54\/revisions"}],"predecessor-version":[{"id":790,"href":"https:\/\/saulespirts.lv\/ru\/wp-json\/wp\/v2\/pages\/54\/revisions\/790"}],"wp:attachment":[{"href":"https:\/\/saulespirts.lv\/ru\/wp-json\/wp\/v2\/media?parent=54"}],"curies":[{"name":"wp","href":"https:\/\/api.w.org\/{rel}","templated":true}]}}