{"id":56,"date":"2026-02-28T14:01:46","date_gmt":"2026-02-28T12:01:46","guid":{"rendered":"https:\/\/saulespirts.lv\/?page_id=56"},"modified":"2026-03-03T13:34:00","modified_gmt":"2026-03-03T11:34:00","slug":"cenas","status":"publish","type":"page","link":"https:\/\/saulespirts.lv\/ru\/cenas\/","title":{"rendered":"\u0426\u0435\u043d\u044b"},"content":{"rendered":"<section class=\"section alignfull\">\n<div class=\"container column-l\">\n<div class=\"section-header-wrap gb-element-8eecc502\">\n<img loading=\"lazy\" decoding=\"async\" width=\"84\" height=\"84\" class=\"section-header__icon\" alt=\"\" title=\"icon-saulespirts\" src=\"https:\/\/saulespirts.lv\/wp-content\/uploads\/2026\/02\/icon-saulespirts.png\"\/>\n\n\n\n<h2 class=\"gb-text\">\u0426\u0435\u043d\u044b<\/h2>\n<\/div>\n\n\n\n<div class=\"grid-2 gb-element-60a244a5\">\n<div class=\"column\">\n<div class=\"price-item\">\n<p class=\"gb-text price-item__name\">\u0420\u0438\u0442\u0443\u0430\u043b \u0432 \u0431\u0430\u043d\u0435 \u0434\u043b\u044f \u043e\u0434\u043d\u043e\u0433\u043e \u0447\u0435\u043b\u043e\u0432\u0435\u043a\u0430 (2,5-3\u0447)<\/p>\n\n\n\n<p class=\"gb-text price-item__price\">180 EUR<\/p>\n<\/div>\n\n\n\n<div class=\"price-item\">\n<p class=\"gb-text price-item__name\">\u0420\u0438\u0442\u0443\u0430\u043b \u0432 \u0431\u0430\u043d\u0435 \u0434\u043b\u044f \u043e\u0434\u043d\u043e\u0433\u043e \u0447\u0435\u043b\u043e\u0432\u0435\u043a\u0430 \u201c\u0421\u043f\u0435\u0446\u0438\u0430\u043b\u044c\u043d\u044b\u0439\u201d<\/p>\n\n\n\n<p class=\"gb-text price-item__price\">220 EUR<\/p>\n<\/div>\n\n\n\n<div class=\"price-item\">\n<p class=\"gb-text price-item__name\">\u0420\u0438\u0442\u0443\u0430\u043b \u0432 \u0431\u0430\u043d\u0435 \u0434\u043b\u044f \u0434\u0432\u0443\u0445 \u0447\u0435\u043b\u043e\u0432\u0435\u043a (3,5-4\u0447)<\/p>\n\n\n\n<p class=\"gb-text price-item__price\">250 EUR<\/p>\n<\/div>\n\n\n\n<div class=\"price-item\">\n<p class=\"gb-text price-item__name\">\u0420\u0438\u0442\u0443\u0430\u043b \u0432 \u0431\u0430\u043d\u0435 \u0434\u043b\u044f \u043e\u0434\u043d\u043e\u0433\u043e \u0447\u0435\u043b\u043e\u0432\u0435\u043a\u0430 \u201c\u0421\u043f\u0435\u0446\u0438\u0430\u043b\u044c\u043d\u044b\u0439\u201d<\/p>\n\n\n\n<p class=\"gb-text price-item__price\">360 EUR<\/p>\n<\/div>\n\n\n\n<div class=\"price-item\">\n<p class=\"gb-text price-item__name\">\u0420\u0438\u0442\u0443\u0430\u043b \u0432 \u0431\u0430\u043d\u0435 \u0434\u043b\u044f \u0442\u0440\u0435\u0445 \u0447\u0435\u043b\u043e\u0432\u0435\u043a (4,5-5\u0447)<\/p>\n\n\n\n<p class=\"gb-text price-item__price\">350 EUR<\/p>\n<\/div>\n<\/div>\n\n\n\n<div class=\"column\">\n<div class=\"price-item\">\n<p class=\"gb-text price-item__name\">\u041f\u0430\u0440\u043d\u044b\u0435 \u043f\u0440\u043e\u0446\u0435\u0434\u0443\u0440\u044b<\/p>\n\n\n\n<p class=\"gb-text price-item__price\">250 EUR<\/p>\n<\/div>\n\n\n\n<div class=\"price-item\">\n<p class=\"gb-text price-item__name\">SPA-\u043f\u0440\u0438\u043a\u043b\u044e\u0447\u0435\u043d\u0438\u0435 \u0434\u043b\u044f \u0436\u0435\u043d\u0449\u0438\u043d\u044b (2,5-3\u0447)<\/p>\n\n\n\n<p class=\"gb-text price-item__price\">200 EUR<\/p>\n<\/div>\n\n\n\n<div class=\"price-item\">\n<p class=\"gb-text price-item__name\">\u041f\u0440\u0438\u043a\u043b\u044e\u0447\u0435\u043d\u0438\u0435 \u0432 \u0431\u0430\u043d\u0435 \u0432 \u043a\u0440\u0443\u0433\u0443 \u0434\u0440\u0443\u0437\u0435\u0439 \u0434\u043b\u044f 4 \u0447\u0435\u043b\u043e\u0432\u0435\u043a (+70 EUR \u0437\u0430 \u043a\u0430\u0436\u0434\u043e\u0433\u043e \u0441\u043b\u0435\u0434\u0443\u044e\u0449\u0435\u0433\u043e \u0447\u0435\u043b\u043e\u0432\u0435\u043a\u0430) (3-4\u0447)<\/p>\n\n\n\n<p class=\"gb-text price-item__price\">280 EUR<\/p>\n<\/div>\n\n\n\n<div class=\"price-item\">\n<p class=\"gb-text price-item__name\">\u0414\u043e\u043f\u043e\u043b\u043d\u0438\u0442\u0435\u043b\u044c\u043d\u044b\u0439 \u043c\u0430\u0441\u0441\u0430\u0436 \u043d\u043e\u0433 \u0432\u043e \u0432\u0440\u0435\u043c\u044f \u0440\u0438\u0442\u0443\u0430\u043b\u0430 \u0441\u0430\u0443\u043d\u044b \u0434\u043b\u044f \u043e\u0434\u043d\u043e\u0433\u043e \u0447\u0435\u043b\u043e\u0432\u0435\u043a\u0430<\/p>\n\n\n\n<p class=\"gb-text price-item__price\">15 EUR<\/p>\n<\/div>\n\n\n\n<div class=\"price-item\">\n<p class=\"gb-text price-item__name\">\u041a\u043e\u043d\u0441\u0443\u043b\u044c\u0442\u0430\u0446\u0438\u044f \u043f\u043e \u0432\u043e\u043f\u0440\u043e\u0441\u0430\u043c \u0441\u0442\u0440\u043e\u0438\u0442\u0435\u043b\u044c\u0441\u0442\u0432\u0430 \u0438 \u043e\u0431\u0443\u0441\u0442\u0440\u043e\u0439\u0441\u0442\u0432\u0430 \u0431\u0430\u043d\u0438<\/p>\n\n\n\n<p class=\"gb-text price-item__price\">150 EUR<\/p>\n<\/div>\n<\/div>\n<\/div>\n\n\n\n<p class=\"gb-text gb-text-cf80b407\">\u042f \u0436\u0435\u043b\u0430\u044e \u0432\u0441\u0435\u043c \u0441\u0447\u0430\u0441\u0442\u044c\u044f! \u041c\u043e\u0436\u043d\u043e \u043f\u0440\u0438\u043e\u0431\u0440\u0435\u0441\u0442\u0438\u00a0<a href=\"https:\/\/saulespirts.lv\/ru\/davanu-karte-2\/\" data-type=\"page\" data-id=\"778\"><strong><em>\u041f\u043e\u0434\u0430\u0440\u043e\u0447\u043d\u044b\u0435 \u043a\u0430\u0440\u0442\u044b.<\/em><\/strong>.<\/a>\u00a0\u042d\u0442\u043e \u0431\u0443\u0434\u0435\u0442 \u043e\u0442\u043b\u0438\u0447\u043d\u044b\u0439 \u043f\u043e\u0434\u0430\u0440\u043e\u043a \u0434\u043b\u044f \u043b\u044e\u0431\u0438\u043c\u043e\u0433\u043e, \u0440\u043e\u0434\u0441\u0442\u0432\u0435\u043d\u043d\u0438\u043a\u0430 \u0438\u043b\u0438 \u0434\u0440\u0443\u0433\u0430, \u0441 \u043a\u043e\u0442\u043e\u0440\u044b\u043c \u043c\u043e\u0436\u043d\u043e \u043f\u0440\u043e\u0432\u0435\u0441\u0442\u0438 \u043e\u0441\u043e\u0431\u0435\u043d\u043d\u044b\u0439 \u0432\u0435\u0447\u0435\u0440.<\/p>\n<\/div>\n<\/section>","protected":false},"excerpt":{"rendered":"<p>Cenas Pirts ritu\u0101ls vienai personai (2,5-3h) 180 EUR Pirts ritu\u0101ls vienai personai \u201c\u012apa\u0161ais\u201d 220 EUR Pirts ritu\u0101ls div\u0101m person\u0101m (3,5-4h) 250 EUR Pirts ritu\u0101ls vienai personai \u201c\u012apa\u0161ais\u201d 360 EUR Pirts ritu\u0101ls tr\u012bs person\u0101m (4,5-5h) 350 EUR Pirt\u012b\u017eas 250 EUR SPA piedz\u012bvojums sievietei (2,5-3h) 200 EUR Pirts piedz\u012bvojums draugu lok\u0101 4 person\u0101m (+70 EUR par katru [&hellip;]<\/p>\n","protected":false},"author":1,"featured_media":0,"parent":0,"menu_order":0,"comment_status":"closed","ping_status":"closed","template":"","meta":{"_acf_changed":false,"footnotes":""},"class_list":["post-56","page","type-page","status-publish","hentry"],"blocksy_meta":{"has_hero_section":"disabled","styles_descriptor":{"styles":{"desktop":"","tablet":"","mobile":""},"google_fonts":[],"version":6}},"acf":[],"_links":{"self":[{"href":"https:\/\/saulespirts.lv\/ru\/wp-json\/wp\/v2\/pages\/56","targetHints":{"allow":["GET"]}}],"collection":[{"href":"https:\/\/saulespirts.lv\/ru\/wp-json\/wp\/v2\/pages"}],"about":[{"href":"https:\/\/saulespirts.lv\/ru\/wp-json\/wp\/v2\/types\/page"}],"author":[{"embeddable":true,"href":"https:\/\/saulespirts.lv\/ru\/wp-json\/wp\/v2\/users\/1"}],"replies":[{"embeddable":true,"href":"https:\/\/saulespirts.lv\/ru\/wp-json\/wp\/v2\/comments?post=56"}],"version-history":[{"count":10,"href":"https:\/\/saulespirts.lv\/ru\/wp-json\/wp\/v2\/pages\/56\/revisions"}],"predecessor-version":[{"id":857,"href":"https:\/\/saulespirts.lv\/ru\/wp-json\/wp\/v2\/pages\/56\/revisions\/857"}],"wp:attachment":[{"href":"https:\/\/saulespirts.lv\/ru\/wp-json\/wp\/v2\/media?parent=56"}],"curies":[{"name":"wp","href":"https:\/\/api.w.org\/{rel}","templated":true}]}}