{"id":61,"date":"2026-02-28T14:02:43","date_gmt":"2026-02-28T12:02:43","guid":{"rendered":"https:\/\/saulespirts.lv\/?page_id=61"},"modified":"2026-03-03T10:22:26","modified_gmt":"2026-03-03T08:22:26","slug":"pirts-rituali","status":"publish","type":"page","link":"https:\/\/saulespirts.lv\/ru\/pirts-rituali\/","title":{"rendered":"\u0411\u0430\u043d\u043d\u044b\u0439 \u0440\u0438\u0442\u0443\u0430\u043b"},"content":{"rendered":"<section class=\"section alignfull\">\n<div class=\"container column-l\">\n<div class=\"grid-2\">\n<img loading=\"lazy\" decoding=\"async\" width=\"900\" height=\"600\" class=\"has-rounded-corners gb-media-165006c7\" alt=\"\" title=\"rituals-banya\" src=\"https:\/\/saulespirts.lv\/wp-content\/uploads\/2026\/02\/pirts-rituals.jpg\" srcset=\"https:\/\/saulespirts.lv\/wp-content\/uploads\/2026\/02\/pirts-rituals.jpg 900w, https:\/\/saulespirts.lv\/wp-content\/uploads\/2026\/02\/pirts-rituals-300x200.jpg 300w, https:\/\/saulespirts.lv\/wp-content\/uploads\/2026\/02\/pirts-rituals-768x512.jpg 768w\" sizes=\"auto, (max-width: 900px) 100vw, 900px\" \/>\n\n\n\n<div class=\"column\">\n<div class=\"section-header-wrap\">\n<img loading=\"lazy\" decoding=\"async\" width=\"84\" height=\"84\" class=\"section-header__icon\" alt=\"\" title=\"icon-saulespirts\" src=\"https:\/\/saulespirts.lv\/wp-content\/uploads\/2026\/02\/icon-saulespirts.png\"\/>\n\n\n\n<h1 class=\"gb-text\">\u0411\u0430\u043d\u043d\u044b\u0439 \u0440\u0438\u0442\u0443\u0430\u043b<\/h1>\n<\/div>\n\n\n\n<p class=\"gb-text\">\u041d\u0438\u0447\u0442\u043e \u043d\u0435 \u043c\u043e\u0436\u0435\u0442 \u0442\u0430\u043a \u0445\u043e\u0440\u043e\u0448\u043e \u0443\u0441\u043f\u043e\u043a\u043e\u0438\u0442\u044c, \u0437\u0430\u0441\u0442\u0430\u0432\u0438\u0442\u044c \u0437\u0430\u0431\u044b\u0442\u044c \u043f\u043e\u0432\u0441\u0435\u0434\u043d\u0435\u0432\u043d\u044b\u0435 \u0437\u0430\u0431\u043e\u0442\u044b, \u0443\u043c\u0435\u043d\u044c\u0448\u0438\u0442\u044c \u0441\u0442\u0440\u0435\u0441\u0441, \u0432\u043e\u0441\u0441\u0442\u0430\u043d\u043e\u0432\u0438\u0442\u044c \u0442\u0435\u043b\u043e, \u043a\u0430\u043a \u0431\u0430\u043d\u043d\u044b\u0439 \u0440\u0438\u0442\u0443\u0430\u043b \u043f\u043e\u0434 \u0440\u0443\u043a\u043e\u0432\u043e\u0434\u0441\u0442\u0432\u043e\u043c \u0431\u0430\u043d\u0449\u0438\u043a\u0430. \u042d\u0442\u043e \u0434\u0430\u0441\u0442 \u0432\u0430\u043c \u043f\u0440\u0438\u043b\u0438\u0432 \u044d\u043d\u0435\u0440\u0433\u0438\u0438, \u0431\u043e\u0434\u0440\u043e\u0441\u0442\u0438, \u0445\u043e\u0440\u043e\u0448\u0435\u0433\u043e \u0441\u0430\u043c\u043e\u0447\u0443\u0432\u0441\u0442\u0432\u0438\u044f, \u0440\u0430\u0434\u043e\u0441\u0442\u0438 \u0436\u0438\u0437\u043d\u0438, \u0443\u043b\u0443\u0447\u0448\u0438\u0442 \u0437\u0434\u043e\u0440\u043e\u0432\u044c\u0435 \u0438 \u0438\u043c\u043c\u0443\u043d\u0438\u0442\u0435\u0442.<\/p>\n\n\n\n<p>\u0412\u043e \u0432\u0440\u0435\u043c\u044f \u0440\u0438\u0442\u0443\u0430\u043b\u0430 \u0432 \u0431\u0430\u043d\u0435 \u043c\u044b \u0437\u0434\u0435\u0441\u044c \u0438 \u0441\u0435\u0439\u0447\u0430\u0441, \u044d\u0442\u043e \u0435\u0434\u0438\u043d\u0441\u0442\u0432\u0435\u043d\u043d\u044b\u0439 \u0441\u043f\u043e\u0441\u043e\u0431 \u0431\u044b\u0442\u044c \u043f\u043e-\u043d\u0430\u0441\u0442\u043e\u044f\u0449\u0435\u043c\u0443 \u0441\u0447\u0430\u0441\u0442\u043b\u0438\u0432\u044b\u043c\u0438.<br>\u041f\u043e\u0434\u0430\u0440\u0438\u0442\u0435 \u0441\u0432\u043e\u0435\u043c\u0443 \u0442\u0435\u043b\u0443 \u0438 \u0434\u0443\u0445\u0443 \u043d\u0435\u0441\u043a\u043e\u043b\u044c\u043a\u043e \u0447\u0430\u0441\u043e\u0432 \u0440\u0430\u0441\u0441\u043b\u0430\u0431\u043b\u0435\u043d\u0438\u044f, \u043f\u043e\u043a\u043e\u044f \u0438 \u043e\u0442\u0434\u044b\u0445\u0430.<\/p>\n\n\n\n<p>\u0411\u0430\u043d\u043d\u044b\u0439 \u0440\u0438\u0442\u0443\u0430\u043b \u0441\u043e\u0441\u0442\u043e\u0438\u0442 \u0438\u0437:<\/p>\n\n\n\n<ul class=\"wp-block-list\">\n<li>\u043c\u0430\u0441\u0441\u0430\u0436\u0430 \u0438 \u043f\u0438\u043b\u0438\u043d\u0433\u0430 \u0442\u0435\u043b\u0430 \u0441 \u043f\u043e\u043c\u043e\u0449\u044c\u044e \u0441\u043a\u0440\u0430\u0431\u0430, \u043f\u0440\u0438\u0433\u043e\u0442\u043e\u0432\u043b\u0435\u043d\u043d\u043e\u0433\u043e \u0438\u0437 \u043c\u043e\u0440\u0441\u043a\u043e\u0439 \u0441\u043e\u043b\u0438, \u043a\u0443\u043d\u0436\u0443\u0442\u043d\u043e\u0433\u043e \u043c\u0430\u0441\u043b\u0430, \u044d\u0444\u0438\u0440\u043d\u044b\u0445 \u043c\u0430\u0441\u0435\u043b \u0438 \u0442\u0440\u0430\u0432;<\/li>\n\n\n\n<li>\u043f\u0430\u0440\u0435\u043d\u0438\u044f \u0432 \u0431\u0430\u043d\u0435 \u0441 \u0440\u0430\u0437\u043b\u0438\u0447\u043d\u044b\u043c\u0438 \u0432\u0435\u043d\u0438\u043a\u0430\u043c\u0438 \u0438\u0437 \u0434\u0435\u0440\u0435\u0432\u044c\u0435\u0432 \u0438 \u0446\u0432\u0435\u0442\u043e\u0432;<\/li>\n\n\n\n<li>\u043c\u0435\u0434\u043e\u0432\u044b\u0445, \u0433\u043e\u043b\u0443\u0431\u043e\u0439 \u0433\u043b\u0438\u043d\u044b, \u0448\u043e\u043a\u043e\u043b\u0430\u0434\u043d\u044b\u0445 \u043c\u0430\u0441\u043e\u043a \u0441 \u043e\u0431\u0435\u0440\u0442\u044b\u0432\u0430\u043d\u0438\u0435\u043c, \u0430 \u0442\u0430\u043a\u0436\u0435 \u0433\u043b\u0443\u0431\u043e\u043a\u043e\u0433\u043e \u043f\u0440\u043e\u0433\u0440\u0435\u0432\u0430\u043d\u0438\u044f \u0441\u043f\u0438\u043d\u044b \u0433\u043e\u0440\u044f\u0447\u0438\u043c\u0438 \u0432\u0443\u043b\u043a\u0430\u043d\u0438\u0447\u0435\u0441\u043a\u0438\u043c\u0438 \u043a\u0430\u043c\u043d\u044f\u043c\u0438.<\/li>\n<\/ul>\n<\/div>\n<\/div>\n\n\n\n<div class=\"column\">\n<p>\u0412\u043e \u0432\u0440\u0435\u043c\u044f \u0431\u0430\u043d\u043d\u043e\u0433\u043e \u0440\u0438\u0442\u0443\u0430\u043b\u0430 \u0438\u0441\u043f\u043e\u043b\u044c\u0437\u0443\u0435\u0442\u0441\u044f \u043c\u0435\u0434, \u0434\u043b\u044f \u0430\u0440\u043e\u043c\u0430\u0442\u0435\u0440\u0430\u043f\u0438\u0438 \u043f\u0440\u0438\u043c\u0435\u043d\u044f\u044e\u0442\u0441\u044f \u043d\u0430\u0441\u0442\u043e\u0438 \u0440\u0430\u0437\u043b\u0438\u0447\u043d\u044b\u0445 \u0440\u0430\u0441\u0442\u0435\u043d\u0438\u0439 \u0438 \u044d\u0444\u0438\u0440\u043d\u044b\u0435 \u043c\u0430\u0441\u043b\u0430.<br>\u041f\u0440\u043e\u0434\u043e\u043b\u0436\u0438\u0442\u0435\u043b\u044c\u043d\u043e\u0441\u0442\u044c \u0431\u0430\u043d\u043d\u043e\u0433\u043e \u0440\u0438\u0442\u0443\u0430\u043b\u0430 \u0441\u043e\u0441\u0442\u0430\u0432\u043b\u044f\u0435\u0442 \u043f\u0440\u0438\u043c\u0435\u0440\u043d\u043e 3-4 \u0447\u0430\u0441\u0430.<br>\u0412 \u0431\u0430\u043d\u043d\u043e\u043c \u0440\u0438\u0442\u0443\u0430\u043b\u0435 \u201c\u0421\u043f\u0435\u0446\u0438\u0430\u043b\u044c\u043d\u044b\u0439\u201d \u0434\u043e\u043f\u043e\u043b\u043d\u0438\u0442\u0435\u043b\u044c\u043d\u043e \u043a \u0431\u0430\u043d\u043d\u043e\u043c\u0443 \u0440\u0438\u0442\u0443\u0430\u043b\u0443 \u043f\u0440\u0435\u0434\u043b\u0430\u0433\u0430\u0435\u0442\u0441\u044f \u0442\u0430\u0440\u0435\u043b\u043a\u0430 \u0441 \u0440\u0430\u0437\u043b\u0438\u0447\u043d\u044b\u043c\u0438 \u0444\u0440\u0443\u043a\u0442\u0430\u043c\u0438.<br>\u0427\u0442\u043e\u0431\u044b \u043f\u043e\u0441\u043c\u043e\u0442\u0440\u0435\u0442\u044c \u0432\u0438\u0434\u0435\u043e \u043e \u0442\u043e\u043c, \u043a\u0430\u043a \u043f\u0440\u043e\u0445\u043e\u0434\u0438\u0442 \u0431\u0430\u043d\u043d\u044b\u0439 \u0440\u0438\u0442\u0443\u0430\u043b, \u043d\u0430\u0436\u043c\u0438\u0442\u0435&nbsp;<a href=\"https:\/\/saulespirts.lv\/ru\/video\/\" data-type=\"page\" data-id=\"54\"><em>\u0437\u0434\u0435\u0441\u044c<\/em>!<\/a><\/p>\n\n\n\n<p>\u041c\u043e\u0436\u043d\u043e \u043f\u0440\u0438\u043e\u0431\u0440\u0435\u0441\u0442\u0438&nbsp;<em><a href=\"https:\/\/saulespirts.lv\/ru\/davanu-karte-2\/\" data-type=\"page\" data-id=\"778\">\u041f\u043e\u0434\u0430\u0440\u043e\u0447\u043d\u044b\u0435 \u043a\u0430\u0440\u0442\u044b.<\/a><\/em>. \u042d\u0442\u043e \u0431\u0443\u0434\u0435\u0442 \u043e\u0442\u043b\u0438\u0447\u043d\u044b\u0439 \u043f\u043e\u0434\u0430\u0440\u043e\u043a \u0434\u043b\u044f \u043b\u044e\u0431\u0438\u043c\u043e\u0433\u043e \u0447\u0435\u043b\u043e\u0432\u0435\u043a\u0430 \u0438\u043b\u0438 \u0431\u043b\u0438\u0437\u043a\u043e\u0433\u043e, \u0434\u0440\u0443\u0433\u0430 \u0438\u043b\u0438 \u0433\u043e\u0441\u0442\u044f, \u0441 \u043a\u043e\u0442\u043e\u0440\u044b\u043c \u043c\u043e\u0436\u043d\u043e \u043f\u0440\u043e\u0432\u0435\u0441\u0442\u0438 \u043e\u0441\u043e\u0431\u0435\u043d\u043d\u044b\u0439 \u0432\u0435\u0447\u0435\u0440.<\/p>\n\n\n\n<p>\u0412\u043e\u0437\u043c\u043e\u0436\u043d\u044b \u0432\u044b\u0435\u0437\u0434\u044b \u043a \u0432\u0430\u0448\u0435\u0439 \u0431\u0430\u043d\u044c\u043a\u0435! \u041f\u0440\u0435\u0434\u043b\u0430\u0433\u0430\u0435\u043c \u043f\u0440\u043e\u0432\u043e\u0434\u0438\u0442\u044c \u0431\u0430\u043d\u043d\u044b\u0435 \u043f\u0440\u043e\u0446\u0435\u0434\u0443\u0440\u044b \u0434\u043b\u044f \u0433\u0440\u0443\u043f\u043f \u0438 \u043a\u043e\u043b\u043b\u0435\u043a\u0442\u0438\u0432\u043e\u0432!<\/p>\n\n\n\n<p>\u042f \u0436\u0435\u043b\u0430\u044e \u0432\u0441\u0435\u043c \u0441\u0447\u0430\u0441\u0442\u044c\u044f!<\/p>\n<\/div>\n<\/div>\n<\/section>","protected":false},"excerpt":{"rendered":"<p>Pirts ritu\u0101li Nekas nesp\u0113j tik labi nomierin\u0101t, likt aizmirst ikdienas r\u016bpes, mazin\u0101t stresu, atjaunot \u0137ermeni k\u0101 pirts ritu\u0101ls pirtnieka vad\u012bb\u0101. Tas sniegs jums ener\u0123ijas piepl\u016bdumu, mundrumu, labsaj\u016btu, dz\u012bvesprieku, uzlabos vesel\u012bbu un imunit\u0101ti. Pirts ritu\u0101la laik\u0101 m\u0113s esam \u0161eit un tagad, tas ir vien\u012bgais veids, k\u0101 varam b\u016bt patiesi laim\u012bgi.Veltiet savam \u0137ermenim un garam da\u017eas stundas [&hellip;]<\/p>\n","protected":false},"author":1,"featured_media":0,"parent":0,"menu_order":0,"comment_status":"closed","ping_status":"closed","template":"","meta":{"_acf_changed":false,"footnotes":""},"class_list":["post-61","page","type-page","status-publish","hentry"],"blocksy_meta":{"has_hero_section":"disabled","styles_descriptor":{"styles":{"desktop":"","tablet":"","mobile":""},"google_fonts":[],"version":6}},"acf":[],"_links":{"self":[{"href":"https:\/\/saulespirts.lv\/ru\/wp-json\/wp\/v2\/pages\/61","targetHints":{"allow":["GET"]}}],"collection":[{"href":"https:\/\/saulespirts.lv\/ru\/wp-json\/wp\/v2\/pages"}],"about":[{"href":"https:\/\/saulespirts.lv\/ru\/wp-json\/wp\/v2\/types\/page"}],"author":[{"embeddable":true,"href":"https:\/\/saulespirts.lv\/ru\/wp-json\/wp\/v2\/users\/1"}],"replies":[{"embeddable":true,"href":"https:\/\/saulespirts.lv\/ru\/wp-json\/wp\/v2\/comments?post=61"}],"version-history":[{"count":6,"href":"https:\/\/saulespirts.lv\/ru\/wp-json\/wp\/v2\/pages\/61\/revisions"}],"predecessor-version":[{"id":786,"href":"https:\/\/saulespirts.lv\/ru\/wp-json\/wp\/v2\/pages\/61\/revisions\/786"}],"wp:attachment":[{"href":"https:\/\/saulespirts.lv\/ru\/wp-json\/wp\/v2\/media?parent=61"}],"curies":[{"name":"wp","href":"https:\/\/api.w.org\/{rel}","templated":true}]}}